{"id":6768,"date":"2025-02-14T00:00:02","date_gmt":"2025-02-13T22:00:02","guid":{"rendered":"https:\/\/naz4rimusic.com\/?post_type=product&#038;p=6768"},"modified":"2025-04-08T02:16:51","modified_gmt":"2025-04-08T00:16:51","slug":"vertigo","status":"publish","type":"product","link":"https:\/\/naz4rimusic.com\/en\/musica\/vertigo\/","title":{"rendered":"Niko Ros\u00e9, MPV &#8211; V\u00c9RTIGO (EP)"},"content":{"rendered":"<p>Incluye el lanzamiento in\u00e9dito \u00abPiKnT\u00bb<\/p>\n<p><iframe loading=\"lazy\" title=\"YouTube video player\" src=\"https:\/\/www.youtube.com\/embed\/duoC_jmEILs?si=MIII2U00MDrlFaAJ\" width=\"560\" height=\"315\" frameborder=\"0\" allowfullscreen=\"allowfullscreen\"><\/iframe><\/p>\n<p><iframe loading=\"lazy\" style=\"border-radius: 12px;\" src=\"https:\/\/open.spotify.com\/embed\/album\/1P1zm7Wn3a1QzOfpn4hYJx?utm_source=generator\" width=\"100%\" height=\"352\" frameborder=\"0\" allowfullscreen=\"allowfullscreen\"><\/iframe><\/p>","protected":false},"excerpt":{"rendered":"<p>Incluye el lanzamiento in\u00e9dito \u00abPiKnT\u00bb<\/p>","protected":false},"featured_media":6741,"template":"","meta":[],"product_cat":[73,46],"product_tag":[],"yoast_head":"<!-- This site is optimized with the Yoast SEO plugin v19.2 - https:\/\/yoast.com\/wordpress\/plugins\/seo\/ -->\n<title>Niko Ros\u00e9, MPV - V\u00c9RTIGO (EP) - Naz4ri Music<\/title>\n<meta name=\"robots\" content=\"index, follow, max-snippet:-1, max-image-preview:large, max-video-preview:-1\" \/>\n<link rel=\"canonical\" href=\"https:\/\/naz4rimusic.com\/en\/musica\/vertigo\/\" \/>\n<meta property=\"og:locale\" content=\"en_US\" \/>\n<meta property=\"og:type\" content=\"article\" \/>\n<meta property=\"og:title\" content=\"Niko Ros\u00e9, MPV - V\u00c9RTIGO (EP) - Naz4ri Music\" \/>\n<meta property=\"og:description\" content=\"Incluye el lanzamiento in\u00e9dito \u00abPiKnT\u00bb\" \/>\n<meta property=\"og:url\" content=\"https:\/\/naz4rimusic.com\/en\/musica\/vertigo\/\" \/>\n<meta property=\"og:site_name\" content=\"Naz4ri Music\" \/>\n<meta property=\"article:modified_time\" content=\"2025-04-08T00:16:51+00:00\" \/>\n<meta property=\"og:image\" content=\"https:\/\/naz4rimusic.com\/wp-content\/uploads\/2024\/11\/ab67616d0000b2731712cdba1601cd8d92a3d246.jpeg\" \/>\n\t<meta property=\"og:image:width\" content=\"640\" \/>\n\t<meta property=\"og:image:height\" content=\"640\" \/>\n\t<meta property=\"og:image:type\" content=\"image\/jpeg\" \/>\n<meta name=\"author\" content=\"naz4rimusic\" \/>\n<meta name=\"twitter:card\" content=\"summary_large_image\" \/>\n<script type=\"application\/ld+json\" class=\"yoast-schema-graph\">{\"@context\":\"https:\/\/schema.org\",\"@graph\":[{\"@type\":\"WebSite\",\"@id\":\"https:\/\/naz4rimusic.com\/#website\",\"url\":\"https:\/\/naz4rimusic.com\/\",\"name\":\"Naz4ri Music\",\"description\":\"Discogr\u00e1fica independiente. Desde Granada Con Amor.\",\"potentialAction\":[{\"@type\":\"SearchAction\",\"target\":{\"@type\":\"EntryPoint\",\"urlTemplate\":\"https:\/\/naz4rimusic.com\/?s={search_term_string}\"},\"query-input\":\"required name=search_term_string\"}],\"inLanguage\":\"en-US\"},{\"@type\":\"ImageObject\",\"inLanguage\":\"en-US\",\"@id\":\"https:\/\/naz4rimusic.com\/musica\/vertigo\/#primaryimage\",\"url\":\"https:\/\/naz4rimusic.com\/wp-content\/uploads\/2024\/11\/ab67616d0000b2731712cdba1601cd8d92a3d246.jpeg\",\"contentUrl\":\"https:\/\/naz4rimusic.com\/wp-content\/uploads\/2024\/11\/ab67616d0000b2731712cdba1601cd8d92a3d246.jpeg\",\"width\":640,\"height\":640},{\"@type\":\"WebPage\",\"@id\":\"https:\/\/naz4rimusic.com\/musica\/vertigo\/#webpage\",\"url\":\"https:\/\/naz4rimusic.com\/musica\/vertigo\/\",\"name\":\"Niko Ros\u00e9, MPV - V\u00c9RTIGO (EP) - Naz4ri Music\",\"isPartOf\":{\"@id\":\"https:\/\/naz4rimusic.com\/#website\"},\"primaryImageOfPage\":{\"@id\":\"https:\/\/naz4rimusic.com\/musica\/vertigo\/#primaryimage\"},\"datePublished\":\"2025-02-13T22:00:02+00:00\",\"dateModified\":\"2025-04-08T00:16:51+00:00\",\"breadcrumb\":{\"@id\":\"https:\/\/naz4rimusic.com\/musica\/vertigo\/#breadcrumb\"},\"inLanguage\":\"en-US\",\"potentialAction\":[{\"@type\":\"ReadAction\",\"target\":[\"https:\/\/naz4rimusic.com\/musica\/vertigo\/\"]}]},{\"@type\":\"BreadcrumbList\",\"@id\":\"https:\/\/naz4rimusic.com\/musica\/vertigo\/#breadcrumb\",\"itemListElement\":[{\"@type\":\"ListItem\",\"position\":1,\"name\":\"Portada\",\"item\":\"https:\/\/naz4rimusic.com\/\"},{\"@type\":\"ListItem\",\"position\":2,\"name\":\"M\u00fasica\",\"item\":\"https:\/\/naz4rimusic.com\/musica\/\"},{\"@type\":\"ListItem\",\"position\":3,\"name\":\"Niko Ros\u00e9, MPV &#8211; V\u00c9RTIGO (EP)\"}]}]}<\/script>\n<!-- \/ Yoast SEO plugin. -->","yoast_head_json":{"title":"Niko Ros\u00e9, MPV - V\u00c9RTIGO (EP) - Naz4ri Music","robots":{"index":"index","follow":"follow","max-snippet":"max-snippet:-1","max-image-preview":"max-image-preview:large","max-video-preview":"max-video-preview:-1"},"canonical":"https:\/\/naz4rimusic.com\/en\/musica\/vertigo\/","og_locale":"en_US","og_type":"article","og_title":"Niko Ros\u00e9, MPV - V\u00c9RTIGO (EP) - Naz4ri Music","og_description":"Incluye el lanzamiento in\u00e9dito \u00abPiKnT\u00bb","og_url":"https:\/\/naz4rimusic.com\/en\/musica\/vertigo\/","og_site_name":"Naz4ri Music","article_modified_time":"2025-04-08T00:16:51+00:00","og_image":[{"width":640,"height":640,"url":"https:\/\/naz4rimusic.com\/wp-content\/uploads\/2024\/11\/ab67616d0000b2731712cdba1601cd8d92a3d246.jpeg","type":"image\/jpeg"}],"author":"naz4rimusic","twitter_card":"summary_large_image","schema":{"@context":"https:\/\/schema.org","@graph":[{"@type":"WebSite","@id":"https:\/\/naz4rimusic.com\/#website","url":"https:\/\/naz4rimusic.com\/","name":"Naz4ri Music","description":"Discogr\u00e1fica independiente. Desde Granada Con Amor.","potentialAction":[{"@type":"SearchAction","target":{"@type":"EntryPoint","urlTemplate":"https:\/\/naz4rimusic.com\/?s={search_term_string}"},"query-input":"required name=search_term_string"}],"inLanguage":"en-US"},{"@type":"ImageObject","inLanguage":"en-US","@id":"https:\/\/naz4rimusic.com\/musica\/vertigo\/#primaryimage","url":"https:\/\/naz4rimusic.com\/wp-content\/uploads\/2024\/11\/ab67616d0000b2731712cdba1601cd8d92a3d246.jpeg","contentUrl":"https:\/\/naz4rimusic.com\/wp-content\/uploads\/2024\/11\/ab67616d0000b2731712cdba1601cd8d92a3d246.jpeg","width":640,"height":640},{"@type":"WebPage","@id":"https:\/\/naz4rimusic.com\/musica\/vertigo\/#webpage","url":"https:\/\/naz4rimusic.com\/musica\/vertigo\/","name":"Niko Ros\u00e9, MPV - V\u00c9RTIGO (EP) - Naz4ri Music","isPartOf":{"@id":"https:\/\/naz4rimusic.com\/#website"},"primaryImageOfPage":{"@id":"https:\/\/naz4rimusic.com\/musica\/vertigo\/#primaryimage"},"datePublished":"2025-02-13T22:00:02+00:00","dateModified":"2025-04-08T00:16:51+00:00","breadcrumb":{"@id":"https:\/\/naz4rimusic.com\/musica\/vertigo\/#breadcrumb"},"inLanguage":"en-US","potentialAction":[{"@type":"ReadAction","target":["https:\/\/naz4rimusic.com\/musica\/vertigo\/"]}]},{"@type":"BreadcrumbList","@id":"https:\/\/naz4rimusic.com\/musica\/vertigo\/#breadcrumb","itemListElement":[{"@type":"ListItem","position":1,"name":"Portada","item":"https:\/\/naz4rimusic.com\/"},{"@type":"ListItem","position":2,"name":"M\u00fasica","item":"https:\/\/naz4rimusic.com\/musica\/"},{"@type":"ListItem","position":3,"name":"Niko Ros\u00e9, MPV &#8211; V\u00c9RTIGO (EP)"}]}]}},"_links":{"self":[{"href":"https:\/\/naz4rimusic.com\/en\/wp-json\/wp\/v2\/product\/6768"}],"collection":[{"href":"https:\/\/naz4rimusic.com\/en\/wp-json\/wp\/v2\/product"}],"about":[{"href":"https:\/\/naz4rimusic.com\/en\/wp-json\/wp\/v2\/types\/product"}],"wp:featuredmedia":[{"embeddable":true,"href":"https:\/\/naz4rimusic.com\/en\/wp-json\/wp\/v2\/media\/6741"}],"wp:attachment":[{"href":"https:\/\/naz4rimusic.com\/en\/wp-json\/wp\/v2\/media?parent=6768"}],"wp:term":[{"taxonomy":"product_cat","embeddable":true,"href":"https:\/\/naz4rimusic.com\/en\/wp-json\/wp\/v2\/product_cat?post=6768"},{"taxonomy":"product_tag","embeddable":true,"href":"https:\/\/naz4rimusic.com\/en\/wp-json\/wp\/v2\/product_tag?post=6768"}],"curies":[{"name":"wp","href":"https:\/\/api.w.org\/{rel}","templated":true}]}}